{"id":37,"date":"2015-09-06T08:32:05","date_gmt":"2015-09-06T07:32:05","guid":{"rendered":"http:\/\/eboreal.com\/SuperLunaire\/?page_id=37"},"modified":"2016-09-16T22:27:16","modified_gmt":"2016-09-16T21:27:16","slug":"homepage","status":"publish","type":"page","link":"http:\/\/eboreal.com\/SuperLunaire\/","title":{"rendered":"Accueil"},"content":{"rendered":"<p>[et_pb_section transparent_background=\u00a0\u00bboff\u00a0\u00bb background_color=\u00a0\u00bb#bf00e5&Prime; allow_player_pause=\u00a0\u00bboff\u00a0\u00bb inner_shadow=\u00a0\u00bboff\u00a0\u00bb parallax=\u00a0\u00bboff\u00a0\u00bb parallax_method=\u00a0\u00bbon\u00a0\u00bb padding_mobile=\u00a0\u00bboff\u00a0\u00bb make_fullwidth=\u00a0\u00bboff\u00a0\u00bb use_custom_width=\u00a0\u00bboff\u00a0\u00bb width_unit=\u00a0\u00bboff\u00a0\u00bb custom_width_px=\u00a0\u00bb1080px\u00a0\u00bb custom_width_percent=\u00a0\u00bb80%\u00a0\u00bb make_equal=\u00a0\u00bboff\u00a0\u00bb use_custom_gutter=\u00a0\u00bboff\u00a0\u00bb fullwidth=\u00a0\u00bbon\u00a0\u00bb specialty=\u00a0\u00bboff\u00a0\u00bb admin_label=\u00a0\u00bbSection\u00a0\u00bb disabled=\u00a0\u00bboff\u00a0\u00bb][et_pb_fullwidth_image src=\u00a0\u00bbhttp:\/\/eboreal.com\/SuperLunaire\/wp-content\/uploads\/2015\/09\/fullscreen-title.jpg\u00a0\u00bb show_in_lightbox=\u00a0\u00bboff\u00a0\u00bb url_new_window=\u00a0\u00bboff\u00a0\u00bb use_overlay=\u00a0\u00bboff\u00a0\u00bb animation=\u00a0\u00bbleft\u00a0\u00bb admin_label=\u00a0\u00bbImage en pleine largeur\u00a0\u00bb use_border_color=\u00a0\u00bbon\u00a0\u00bb border_color=\u00a0\u00bb#4e0051&Prime; border_width=\u00a0\u00bb75px\u00a0\u00bb border_style=\u00a0\u00bbsolid\u00a0\u00bb custom_margin=\u00a0\u00bb|||\u00a0\u00bb custom_margin_last_edited=\u00a0\u00bboff|desktop\u00a0\u00bb disabled=\u00a0\u00bboff\u00a0\u00bb] [\/et_pb_fullwidth_image][\/et_pb_section][et_pb_section transparent_background=\u00a0\u00bboff\u00a0\u00bb background_color=\u00a0\u00bb#ffffff\u00a0\u00bb allow_player_pause=\u00a0\u00bboff\u00a0\u00bb inner_shadow=\u00a0\u00bboff\u00a0\u00bb parallax=\u00a0\u00bbon\u00a0\u00bb parallax_method=\u00a0\u00bboff\u00a0\u00bb custom_padding=\u00a0\u00bb14px|0px|10px|0px\u00a0\u00bb padding_mobile=\u00a0\u00bboff\u00a0\u00bb make_fullwidth=\u00a0\u00bboff\u00a0\u00bb use_custom_width=\u00a0\u00bboff\u00a0\u00bb width_unit=\u00a0\u00bbon\u00a0\u00bb custom_width_px=\u00a0\u00bb1080px\u00a0\u00bb custom_width_percent=\u00a0\u00bb80%\u00a0\u00bb make_equal=\u00a0\u00bboff\u00a0\u00bb use_custom_gutter=\u00a0\u00bboff\u00a0\u00bb fullwidth=\u00a0\u00bboff\u00a0\u00bb specialty=\u00a0\u00bboff\u00a0\u00bb admin_label=\u00a0\u00bbsection\u00a0\u00bb disabled=\u00a0\u00bboff\u00a0\u00bb][et_pb_row make_fullwidth=\u00a0\u00bboff\u00a0\u00bb use_custom_width=\u00a0\u00bboff\u00a0\u00bb width_unit=\u00a0\u00bboff\u00a0\u00bb custom_width_px=\u00a0\u00bb1080px\u00a0\u00bb custom_width_percent=\u00a0\u00bb80%\u00a0\u00bb use_custom_gutter=\u00a0\u00bboff\u00a0\u00bb gutter_width=\u00a0\u00bb3&Prime; custom_padding=\u00a0\u00bb64px|0px|65px|0px\u00a0\u00bb padding_mobile=\u00a0\u00bboff\u00a0\u00bb allow_player_pause=\u00a0\u00bboff\u00a0\u00bb parallax=\u00a0\u00bboff\u00a0\u00bb parallax_method=\u00a0\u00bbon\u00a0\u00bb make_equal=\u00a0\u00bboff\u00a0\u00bb column_padding_mobile=\u00a0\u00bbon\u00a0\u00bb parallax_1=\u00a0\u00bboff\u00a0\u00bb parallax_method_1=\u00a0\u00bbon\u00a0\u00bb parallax_2=\u00a0\u00bboff\u00a0\u00bb parallax_method_2=\u00a0\u00bbon\u00a0\u00bb parallax_3=\u00a0\u00bboff\u00a0\u00bb parallax_method_3=\u00a0\u00bbon\u00a0\u00bb parallax_4=\u00a0\u00bboff\u00a0\u00bb parallax_method_4=\u00a0\u00bbon\u00a0\u00bb admin_label=\u00a0\u00bbrow\u00a0\u00bb disabled=\u00a0\u00bboff\u00a0\u00bb][et_pb_column type=\u00a0\u00bb1_3&Prime; disabled=\u00a0\u00bboff\u00a0\u00bb parallax=\u00a0\u00bboff\u00a0\u00bb parallax_method=\u00a0\u00bbon\u00a0\u00bb column_padding_mobile=\u00a0\u00bbon\u00a0\u00bb][et_pb_number_counter title=\u00a0\u00bbPlan\u00e8tes\u00a0\u00bb number=\u00a0\u00bb9&Prime; percent_sign=\u00a0\u00bboff\u00a0\u00bb counter_color=\u00a0\u00bb#7200b5&Prime; background_layout=\u00a0\u00bblight\u00a0\u00bb admin_label=\u00a0\u00bbCompteur nombre\u00a0\u00bb title_font=\u00a0\u00bbOpen Sans||||\u00a0\u00bb title_font_size=\u00a0\u00bb16&Prime; title_letter_spacing=\u00a0\u00bb1px\u00a0\u00bb number_font_size=\u00a0\u00bb80px\u00a0\u00bb use_border_color=\u00a0\u00bboff\u00a0\u00bb border_color=\u00a0\u00bb#ffffff\u00a0\u00bb border_width=\u00a0\u00bb1px\u00a0\u00bb border_style=\u00a0\u00bbsolid\u00a0\u00bb disabled=\u00a0\u00bboff\u00a0\u00bb] [\/et_pb_number_counter][\/et_pb_column][et_pb_column type=\u00a0\u00bb1_3&Prime; disabled=\u00a0\u00bboff\u00a0\u00bb parallax=\u00a0\u00bboff\u00a0\u00bb parallax_method=\u00a0\u00bbon\u00a0\u00bb column_padding_mobile=\u00a0\u00bbon\u00a0\u00bb][et_pb_number_counter title=\u00a0\u00bbNiveaux\u00a0\u00bb number=\u00a0\u00bb74&Prime; percent_sign=\u00a0\u00bboff\u00a0\u00bb counter_color=\u00a0\u00bb#7200b5&Prime; background_layout=\u00a0\u00bblight\u00a0\u00bb admin_label=\u00a0\u00bbCompteur nombre\u00a0\u00bb title_font=\u00a0\u00bbOpen Sans||||\u00a0\u00bb title_font_size=\u00a0\u00bb16&Prime; title_letter_spacing=\u00a0\u00bb1px\u00a0\u00bb number_font_size=\u00a0\u00bb80px\u00a0\u00bb use_border_color=\u00a0\u00bboff\u00a0\u00bb border_color=\u00a0\u00bb#ffffff\u00a0\u00bb border_width=\u00a0\u00bb1px\u00a0\u00bb border_style=\u00a0\u00bbsolid\u00a0\u00bb disabled=\u00a0\u00bboff\u00a0\u00bb saved_tabs=\u00a0\u00bball\u00a0\u00bb] [\/et_pb_number_counter][\/et_pb_column][et_pb_column type=\u00a0\u00bb1_3&Prime; disabled=\u00a0\u00bboff\u00a0\u00bb parallax=\u00a0\u00bboff\u00a0\u00bb parallax_method=\u00a0\u00bbon\u00a0\u00bb column_padding_mobile=\u00a0\u00bbon\u00a0\u00bb][et_pb_number_counter title=\u00a0\u00bbNiveaux de difficult\u00e9\u00a0\u00bb number=\u00a0\u00bb3&Prime; percent_sign=\u00a0\u00bboff\u00a0\u00bb counter_color=\u00a0\u00bb#7200b5&Prime; background_layout=\u00a0\u00bblight\u00a0\u00bb admin_label=\u00a0\u00bbCompteur nombre\u00a0\u00bb title_font=\u00a0\u00bbOpen Sans||||\u00a0\u00bb title_font_size=\u00a0\u00bb16&Prime; title_letter_spacing=\u00a0\u00bb1px\u00a0\u00bb number_font_size=\u00a0\u00bb80px\u00a0\u00bb use_border_color=\u00a0\u00bboff\u00a0\u00bb border_color=\u00a0\u00bb#ffffff\u00a0\u00bb border_width=\u00a0\u00bb1px\u00a0\u00bb border_style=\u00a0\u00bbsolid\u00a0\u00bb disabled=\u00a0\u00bboff\u00a0\u00bb saved_tabs=\u00a0\u00bball\u00a0\u00bb] [\/et_pb_number_counter][\/et_pb_column][\/et_pb_row][\/et_pb_section][et_pb_section background_image=\u00a0\u00bbhttp:\/\/eboreal.com\/SuperLunaire\/wp-content\/uploads\/2015\/09\/starfield-ee-05.jpg\u00a0\u00bb transparent_background=\u00a0\u00bboff\u00a0\u00bb allow_player_pause=\u00a0\u00bboff\u00a0\u00bb inner_shadow=\u00a0\u00bboff\u00a0\u00bb parallax=\u00a0\u00bboff\u00a0\u00bb parallax_method=\u00a0\u00bboff\u00a0\u00bb padding_mobile=\u00a0\u00bboff\u00a0\u00bb make_fullwidth=\u00a0\u00bboff\u00a0\u00bb use_custom_width=\u00a0\u00bboff\u00a0\u00bb width_unit=\u00a0\u00bbon\u00a0\u00bb custom_width_px=\u00a0\u00bb1080px\u00a0\u00bb custom_width_percent=\u00a0\u00bb80%\u00a0\u00bb make_equal=\u00a0\u00bboff\u00a0\u00bb use_custom_gutter=\u00a0\u00bboff\u00a0\u00bb fullwidth=\u00a0\u00bboff\u00a0\u00bb specialty=\u00a0\u00bboff\u00a0\u00bb admin_label=\u00a0\u00bbSection\u00a0\u00bb disabled=\u00a0\u00bboff\u00a0\u00bb][et_pb_row make_fullwidth=\u00a0\u00bbon\u00a0\u00bb use_custom_width=\u00a0\u00bboff\u00a0\u00bb width_unit=\u00a0\u00bbon\u00a0\u00bb custom_width_px=\u00a0\u00bb1080px\u00a0\u00bb custom_width_percent=\u00a0\u00bb80%\u00a0\u00bb use_custom_gutter=\u00a0\u00bboff\u00a0\u00bb gutter_width=\u00a0\u00bb3&Prime; custom_padding=\u00a0\u00bb27px|125px|27px|125px\u00a0\u00bb padding_mobile=\u00a0\u00bboff\u00a0\u00bb allow_player_pause=\u00a0\u00bboff\u00a0\u00bb parallax=\u00a0\u00bboff\u00a0\u00bb parallax_method=\u00a0\u00bboff\u00a0\u00bb make_equal=\u00a0\u00bboff\u00a0\u00bb column_padding_mobile=\u00a0\u00bbon\u00a0\u00bb parallax_1=\u00a0\u00bboff\u00a0\u00bb parallax_method_1=\u00a0\u00bbon\u00a0\u00bb parallax_2=\u00a0\u00bboff\u00a0\u00bb parallax_method_2=\u00a0\u00bbon\u00a0\u00bb parallax_3=\u00a0\u00bboff\u00a0\u00bb parallax_method_3=\u00a0\u00bbon\u00a0\u00bb parallax_4=\u00a0\u00bboff\u00a0\u00bb parallax_method_4=\u00a0\u00bbon\u00a0\u00bb admin_label=\u00a0\u00bbLigne\u00a0\u00bb disabled=\u00a0\u00bboff\u00a0\u00bb][et_pb_column type=\u00a0\u00bb1_2&Prime; disabled=\u00a0\u00bboff\u00a0\u00bb parallax=\u00a0\u00bboff\u00a0\u00bb parallax_method=\u00a0\u00bbon\u00a0\u00bb column_padding_mobile=\u00a0\u00bbon\u00a0\u00bb][et_pb_video src=\u00a0\u00bbhttp:\/\/eboreal.com\/SuperLunaire\/wp-content\/uploads\/2015\/09\/Super-Lunaire-1440.mp4&Prime; image_src=\u00a0\u00bbhttp:\/\/eboreal.com\/SuperLunaire\/wp-content\/uploads\/2015\/09\/IMG_0970.png\u00a0\u00bb play_icon_color=\u00a0\u00bb#eeee22&Prime; admin_label=\u00a0\u00bbVid\u00e9o\u00a0\u00bb disabled=\u00a0\u00bboff\u00a0\u00bb] [\/et_pb_video][et_pb_text background_layout=\u00a0\u00bbdark\u00a0\u00bb text_orientation=\u00a0\u00bbleft\u00a0\u00bb admin_label=\u00a0\u00bbTexte\u00a0\u00bb use_border_color=\u00a0\u00bboff\u00a0\u00bb border_style=\u00a0\u00bbsolid\u00a0\u00bb disabled=\u00a0\u00bboff\u00a0\u00bb] Musique : Devils deep inside &#8211; K4AMMERER [\/et_pb_text][\/et_pb_column][et_pb_column type=\u00a0\u00bb1_2&Prime; disabled=\u00a0\u00bboff\u00a0\u00bb parallax=\u00a0\u00bboff\u00a0\u00bb parallax_method=\u00a0\u00bbon\u00a0\u00bb column_padding_mobile=\u00a0\u00bbon\u00a0\u00bb][et_pb_text background_layout=\u00a0\u00bbdark\u00a0\u00bb text_orientation=\u00a0\u00bbleft\u00a0\u00bb admin_label=\u00a0\u00bbTexte\u00a0\u00bb text_font_size=\u00a0\u00bb20&Prime; text_letter_spacing=\u00a0\u00bb1px\u00a0\u00bb text_line_height=\u00a0\u00bb1.6em\u00a0\u00bb use_border_color=\u00a0\u00bboff\u00a0\u00bb border_style=\u00a0\u00bbsolid\u00a0\u00bb disabled=\u00a0\u00bboff\u00a0\u00bb inline_fonts=\u00a0\u00bbArvo,Arimo,Black Ops One,Droid Sans,Kreon,Lato Light,Lobster,Noticia Text,Play,PT Sans,Raleway\u00a0\u00bb]<\/p>\n<p><span data-mce-style=\"font-family: Raleway; font-size: x-large;\" style=\"font-family: Raleway; font-size: x-large;\">Vous allez devoir poser votre vaisseau spatial en \u00e9vitant toutes sortes d&rsquo;obstacles tout au long des 65 niveaux.  Apr\u00e8s une phase d&rsquo;entrainement vous serez envoy\u00e9 au confins\u00a0 de l&rsquo;espace pour poser votre vaisseau. Le jeu est gratuit et fonctionne sur iPad et iPhone.<\/span><\/p>\n<p>\u00a0<\/p>\n<p><a href=\"https:\/\/itunes.apple.com\/app\/id1027133124\" target=\"_blank\"><img loading=\"lazy\" decoding=\"async\" class=\"alignnone size-full wp-image-76\" src=\"http:\/\/eboreal.com\/SuperLunaire\/wp-content\/uploads\/2015\/09\/Download_on_the_App_Store_Badge_FR.png\" alt=\"Download_on_the_App_Store_Badge_FR\" height=\"80\" width=\"270\"><\/a><br data-mce-bogus=\"1\"><\/p>\n<p>[\/et_pb_text][\/et_pb_column][\/et_pb_row][\/et_pb_section][et_pb_section transparent_background=\u00a0\u00bboff\u00a0\u00bb allow_player_pause=\u00a0\u00bboff\u00a0\u00bb inner_shadow=\u00a0\u00bboff\u00a0\u00bb parallax=\u00a0\u00bboff\u00a0\u00bb parallax_method=\u00a0\u00bbon\u00a0\u00bb padding_mobile=\u00a0\u00bboff\u00a0\u00bb make_fullwidth=\u00a0\u00bboff\u00a0\u00bb use_custom_width=\u00a0\u00bboff\u00a0\u00bb width_unit=\u00a0\u00bboff\u00a0\u00bb custom_width_px=\u00a0\u00bb1080px\u00a0\u00bb custom_width_percent=\u00a0\u00bb80%\u00a0\u00bb make_equal=\u00a0\u00bboff\u00a0\u00bb use_custom_gutter=\u00a0\u00bboff\u00a0\u00bb fullwidth=\u00a0\u00bboff\u00a0\u00bb specialty=\u00a0\u00bboff\u00a0\u00bb admin_label=\u00a0\u00bbSection\u00a0\u00bb disabled=\u00a0\u00bboff\u00a0\u00bb][et_pb_row make_fullwidth=\u00a0\u00bboff\u00a0\u00bb use_custom_width=\u00a0\u00bboff\u00a0\u00bb width_unit=\u00a0\u00bboff\u00a0\u00bb custom_width_px=\u00a0\u00bb1080px\u00a0\u00bb custom_width_percent=\u00a0\u00bb80%\u00a0\u00bb use_custom_gutter=\u00a0\u00bboff\u00a0\u00bb gutter_width=\u00a0\u00bb3&Prime; padding_mobile=\u00a0\u00bboff\u00a0\u00bb allow_player_pause=\u00a0\u00bboff\u00a0\u00bb parallax=\u00a0\u00bboff\u00a0\u00bb parallax_method=\u00a0\u00bbon\u00a0\u00bb make_equal=\u00a0\u00bboff\u00a0\u00bb column_padding_mobile=\u00a0\u00bbon\u00a0\u00bb parallax_1=\u00a0\u00bboff\u00a0\u00bb parallax_method_1=\u00a0\u00bbon\u00a0\u00bb parallax_2=\u00a0\u00bboff\u00a0\u00bb parallax_method_2=\u00a0\u00bbon\u00a0\u00bb parallax_3=\u00a0\u00bboff\u00a0\u00bb parallax_method_3=\u00a0\u00bbon\u00a0\u00bb parallax_4=\u00a0\u00bboff\u00a0\u00bb parallax_method_4=\u00a0\u00bbon\u00a0\u00bb admin_label=\u00a0\u00bbLigne\u00a0\u00bb disabled=\u00a0\u00bboff\u00a0\u00bb][et_pb_column type=\u00a0\u00bb4_4&Prime; disabled=\u00a0\u00bboff\u00a0\u00bb parallax=\u00a0\u00bboff\u00a0\u00bb parallax_method=\u00a0\u00bbon\u00a0\u00bb column_padding_mobile=\u00a0\u00bbon\u00a0\u00bb][et_pb_gallery gallery_ids=\u00a0\u00bb157,158,159,160&Prime; fullwidth=\u00a0\u00bbon\u00a0\u00bb posts_number=\u00a0\u00bb4&Prime; show_title_and_caption=\u00a0\u00bboff\u00a0\u00bb show_pagination=\u00a0\u00bbon\u00a0\u00bb background_layout=\u00a0\u00bblight\u00a0\u00bb auto=\u00a0\u00bbon\u00a0\u00bb auto_speed=\u00a0\u00bb3000&Prime; admin_label=\u00a0\u00bbGalerie\u00a0\u00bb caption_all_caps=\u00a0\u00bboff\u00a0\u00bb use_border_color=\u00a0\u00bboff\u00a0\u00bb border_color=\u00a0\u00bb#ffffff\u00a0\u00bb border_width=\u00a0\u00bb1px\u00a0\u00bb border_style=\u00a0\u00bbsolid\u00a0\u00bb disabled=\u00a0\u00bboff\u00a0\u00bb] [\/et_pb_gallery][\/et_pb_column][\/et_pb_row][\/et_pb_section]<\/p>\n","protected":false},"excerpt":{"rendered":"<p>Musique : Devils deep inside &#8211; K4AMMERER Vous allez devoir poser votre vaisseau spatial en \u00e9vitant toutes sortes d&rsquo;obstacles tout au long des 65 niveaux. Apr\u00e8s une phase d&rsquo;entrainement vous serez envoy\u00e9 au confins\u00a0 de l&rsquo;espace pour poser votre vaisseau. Le jeu est gratuit et fonctionne sur iPad et iPhone. \u00a0<\/p>\n","protected":false},"author":1,"featured_media":0,"parent":0,"menu_order":0,"comment_status":"closed","ping_status":"closed","template":"","meta":{"_et_pb_use_builder":"on","_et_pb_old_content":"","_et_gb_content_width":"","footnotes":""},"class_list":["post-37","page","type-page","status-publish","hentry"],"_links":{"self":[{"href":"http:\/\/eboreal.com\/SuperLunaire\/wp-json\/wp\/v2\/pages\/37","targetHints":{"allow":["GET"]}}],"collection":[{"href":"http:\/\/eboreal.com\/SuperLunaire\/wp-json\/wp\/v2\/pages"}],"about":[{"href":"http:\/\/eboreal.com\/SuperLunaire\/wp-json\/wp\/v2\/types\/page"}],"author":[{"embeddable":true,"href":"http:\/\/eboreal.com\/SuperLunaire\/wp-json\/wp\/v2\/users\/1"}],"replies":[{"embeddable":true,"href":"http:\/\/eboreal.com\/SuperLunaire\/wp-json\/wp\/v2\/comments?post=37"}],"version-history":[{"count":35,"href":"http:\/\/eboreal.com\/SuperLunaire\/wp-json\/wp\/v2\/pages\/37\/revisions"}],"predecessor-version":[{"id":180,"href":"http:\/\/eboreal.com\/SuperLunaire\/wp-json\/wp\/v2\/pages\/37\/revisions\/180"}],"wp:attachment":[{"href":"http:\/\/eboreal.com\/SuperLunaire\/wp-json\/wp\/v2\/media?parent=37"}],"curies":[{"name":"wp","href":"https:\/\/api.w.org\/{rel}","templated":true}]}}