{"id":177,"date":"2012-10-08T17:33:33","date_gmt":"2012-10-08T16:33:33","guid":{"rendered":"http:\/\/eboreal.com\/devblog\/?page_id=177"},"modified":"2016-03-01T13:24:23","modified_gmt":"2016-03-01T12:24:23","slug":"but-du-jeu","status":"publish","type":"page","link":"https:\/\/eboreal.com\/devblog\/but-du-jeu\/","title":{"rendered":"Sail Boat Sim Race"},"content":{"rendered":"<p>Le projet consiste \u00e0 d\u00e9velopper un jeu de courses de bateaux.<\/p>\n<p><!--more--><\/p>\n<p>Les diff\u00e9rentes facettes du jeu seront mises \u00e0 jour en fonction des d\u00e9veloppements :<\/p>\n<div class='et-box et-shadow'>\n\t\t\t\t\t<div class='et-box-content'><div class='et-custom-list etlist-check'>\n\t\t\t<ul>\n<li>Course de bateaux<\/li>\n<li>3D et Temps r\u00e9el<\/li>\n<li>mono et multijoueurs<\/li>\n<li>commandes simples \u00e0 ma\u00eetriser : barre (direction) + changement de voiles<\/li>\n<li>courses courtes (5 minutes max, mais plut\u00f4t 2~3 minutes)<\/li>\n<li>sur internet<\/li>\n<li>sur PC\/Mac\/Linux + t\u00e9l\u00e9phones (au moins Android)<\/li>\n<\/ul>\n\t\t<\/div><\/div><\/div>\n<ul>\n<li><a href=\"https:\/\/eboreal.com\/devblog\/principe-des-courses-de-bateaux\/\" title=\"Principe des courses de bateaux\">Principe des courses de bateaux<\/a><\/li>\n<\/ul>\n<h3>Comprendre comment les bateaux utilisent le vent<\/h3>\n<p>Les avions arrivent \u00e0 voler parce que les ailes cr\u00e9ent une force vers le haut lorsqu&rsquo;elles sont dans le courant d&rsquo;air g\u00e9n\u00e9r\u00e9 par la vitesse de l&rsquo;avion.<\/p>\n<p style=\"text-align: center;\"><a href=\"https:\/\/eboreal.com\/devblog\/wp-content\/uploads\/2012\/10\/aile.jpg\" data-rel=\"lightbox-gallery-IPuPtmz2\" data-rl_title=\"\" data-rl_caption=\"\" title=\"\"><img loading=\"lazy\" decoding=\"async\" class=\"size-full wp-image-284 aligncenter\" alt=\"aile\" src=\"https:\/\/eboreal.com\/devblog\/wp-content\/uploads\/2012\/10\/aile.jpg\" width=\"451\" height=\"366\" srcset=\"https:\/\/eboreal.com\/devblog\/wp-content\/uploads\/2012\/10\/aile.jpg 451w, https:\/\/eboreal.com\/devblog\/wp-content\/uploads\/2012\/10\/aile-300x243.jpg 300w\" sizes=\"(max-width: 451px) 100vw, 451px\" \/><\/a><\/p>\n<p>Quand la vitesse du vent est tr\u00e8s grande, la force vers le haut est suffisante pour faire voler un avion.<\/p>\n<p>Pour un bateau c&rsquo;est le m\u00eame principe, sauf que le bateau utilise la vitesse naturelle du vent. Contrairement \u00e0 l&rsquo;avion qui cr\u00e9e son vent en se d\u00e9pla\u00e7ant tr\u00e8s vite \u00e0 l&rsquo;aide de ses moteurs.<\/p>\n<p>Les ailes de l&rsquo;avion sont remplac\u00e9es par des voiles en tissu.<\/p>\n<p>Le bateau a aussi besoin d&rsquo;une d\u00e9rive pour lui permettre d&rsquo;aller droit comme l&rsquo;indique le sch\u00e9ma ci-dessous :<\/p>\n<p style=\"text-align: center;\"><a href=\"https:\/\/eboreal.com\/devblog\/wp-content\/uploads\/2012\/10\/au-pres.jpg\" data-rel=\"lightbox-gallery-IPuPtmz2\" data-rl_title=\"\" data-rl_caption=\"\" title=\"\"><img loading=\"lazy\" decoding=\"async\" class=\"size-full wp-image-285 aligncenter\" alt=\"au pres\" src=\"https:\/\/eboreal.com\/devblog\/wp-content\/uploads\/2012\/10\/au-pres.jpg\" width=\"424\" height=\"380\" srcset=\"https:\/\/eboreal.com\/devblog\/wp-content\/uploads\/2012\/10\/au-pres.jpg 424w, https:\/\/eboreal.com\/devblog\/wp-content\/uploads\/2012\/10\/au-pres-300x269.jpg 300w\" sizes=\"(max-width: 424px) 100vw, 424px\" \/><\/a><\/p>\n<p>en faisant la somme des forces on obtient une force dirig\u00e9e vers l&rsquo;avant, ce qui fait avancer le bateau.<\/p>\n<p style=\"text-align: center;\"><a href=\"https:\/\/eboreal.com\/devblog\/wp-content\/uploads\/2012\/10\/somme-des-forces.jpg\" data-rel=\"lightbox-gallery-IPuPtmz2\" data-rl_title=\"\" data-rl_caption=\"\" title=\"\"><img loading=\"lazy\" decoding=\"async\" class=\"size-full wp-image-289 aligncenter\" alt=\"somme des forces\" src=\"https:\/\/eboreal.com\/devblog\/wp-content\/uploads\/2012\/10\/somme-des-forces.jpg\" width=\"428\" height=\"304\" srcset=\"https:\/\/eboreal.com\/devblog\/wp-content\/uploads\/2012\/10\/somme-des-forces.jpg 428w, https:\/\/eboreal.com\/devblog\/wp-content\/uploads\/2012\/10\/somme-des-forces-300x213.jpg 300w, https:\/\/eboreal.com\/devblog\/wp-content\/uploads\/2012\/10\/somme-des-forces-400x284.jpg 400w\" sizes=\"(max-width: 428px) 100vw, 428px\" \/><\/a><\/p>\n<p>Lorsque le bateau va dans le sens du vent les forces sont directement dirig\u00e9es vers l&rsquo;avant du bateau sans que l&rsquo;on ait besoin de d\u00e9rive.<\/p>\n<p style=\"text-align: center;\"><a href=\"https:\/\/eboreal.com\/devblog\/wp-content\/uploads\/2012\/10\/vent-arriere.jpg\" data-rel=\"lightbox-gallery-IPuPtmz2\" data-rl_title=\"\" data-rl_caption=\"\" title=\"\"><img loading=\"lazy\" decoding=\"async\" class=\"size-full wp-image-286 aligncenter\" alt=\"vent arriere\" src=\"https:\/\/eboreal.com\/devblog\/wp-content\/uploads\/2012\/10\/vent-arriere.jpg\" width=\"404\" height=\"507\" srcset=\"https:\/\/eboreal.com\/devblog\/wp-content\/uploads\/2012\/10\/vent-arriere.jpg 404w, https:\/\/eboreal.com\/devblog\/wp-content\/uploads\/2012\/10\/vent-arriere-239x300.jpg 239w\" sizes=\"(max-width: 404px) 100vw, 404px\" \/><\/a><\/p>\n<p>Si le vent vient directement de l&rsquo;avant du bateau, alors le bateau ne peut pas avancer :<\/p>\n<p style=\"text-align: center;\"><a href=\"https:\/\/eboreal.com\/devblog\/wp-content\/uploads\/2012\/10\/vent-debout.jpg\" data-rel=\"lightbox-gallery-IPuPtmz2\" data-rl_title=\"\" data-rl_caption=\"\" title=\"\"><img loading=\"lazy\" decoding=\"async\" class=\"size-full wp-image-287 aligncenter\" alt=\"vent debout\" src=\"https:\/\/eboreal.com\/devblog\/wp-content\/uploads\/2012\/10\/vent-debout.jpg\" width=\"344\" height=\"454\" srcset=\"https:\/\/eboreal.com\/devblog\/wp-content\/uploads\/2012\/10\/vent-debout.jpg 344w, https:\/\/eboreal.com\/devblog\/wp-content\/uploads\/2012\/10\/vent-debout-227x300.jpg 227w\" sizes=\"(max-width: 344px) 100vw, 344px\" \/><\/a><\/p>\n<p>On comprend l\u00e0 que les bateaux ne peuvent pas aller directement face au vent mais ils peuvent n\u00e9anmoins aller dans la direction d&rsquo;o\u00f9 le vent souffle en faisant des zigzags.<\/p>\n<p style=\"text-align: center;\"><a href=\"https:\/\/eboreal.com\/devblog\/wp-content\/uploads\/2012\/10\/louvoyage.jpg\" data-rel=\"lightbox-gallery-IPuPtmz2\" data-rl_title=\"\" data-rl_caption=\"\" title=\"\"><img loading=\"lazy\" decoding=\"async\" class=\"size-full wp-image-288 aligncenter\" alt=\"louvoyage\" src=\"https:\/\/eboreal.com\/devblog\/wp-content\/uploads\/2012\/10\/louvoyage.jpg\" width=\"390\" height=\"561\" srcset=\"https:\/\/eboreal.com\/devblog\/wp-content\/uploads\/2012\/10\/louvoyage.jpg 390w, https:\/\/eboreal.com\/devblog\/wp-content\/uploads\/2012\/10\/louvoyage-209x300.jpg 209w\" sizes=\"(max-width: 390px) 100vw, 390px\" \/><\/a><\/p>\n<h3>Polaires de vitesse<\/h3>\n<p>Pour les diff\u00e9rents angles du vent par rapport au bateau, la vitesse varie.<\/p>\n<p>Strat\u00e9giquement, il est important de conna\u00eetre quels sont les meilleurs angles, c&rsquo;est \u00e0 dire les angles qui vont donner la plus grande vitesse dans la direction qui nous int\u00e9resse.<\/p>\n<p>Par exemple, plus l&rsquo;angle du vent sera petit, c&rsquo;est \u00e0 dire proche de l&rsquo;avant du bateau, et moins le bateau avancera vite.<\/p>\n<p>voici la vitesse du bateau pour diff\u00e9rents angles par rapport au vent :<\/p>\n<p style=\"text-align: center;\"><a href=\"https:\/\/eboreal.com\/devblog\/wp-content\/uploads\/2012\/10\/vitesse1.jpg\" data-rel=\"lightbox-gallery-IPuPtmz2\" data-rl_title=\"\" data-rl_caption=\"\" title=\"\"><img loading=\"lazy\" decoding=\"async\" class=\"size-full wp-image-291 aligncenter\" alt=\"vitesse\" src=\"https:\/\/eboreal.com\/devblog\/wp-content\/uploads\/2012\/10\/vitesse1.jpg\" width=\"375\" height=\"359\" srcset=\"https:\/\/eboreal.com\/devblog\/wp-content\/uploads\/2012\/10\/vitesse1.jpg 375w, https:\/\/eboreal.com\/devblog\/wp-content\/uploads\/2012\/10\/vitesse1-300x287.jpg 300w\" sizes=\"(max-width: 375px) 100vw, 375px\" \/><\/a><\/p>\n<p>On constate tout de suite que si on a le vent de travers (fl\u00e8che rouge) le bateau est bien plus rapide.<\/p>\n<p>Mais si l&rsquo;on veut aller dans la direction d&rsquo;o\u00f9 souffle le vent, alors aller en travers du vent n&rsquo;est pas tr\u00e8s int\u00e9ressant. L&rsquo;angle le plus int\u00e9ressant dans ce cas est celui repr\u00e9sent\u00e9 par la fl\u00e8che verte. En effet c&rsquo;est \u00e0 cet angle l\u00e0 que l&rsquo;on progresse le plus dans la bonne direction.<\/p>\n<p>Quand on relie l&rsquo;extr\u00e9mit\u00e9 de toutes les vitesses, on obtient une courbe que l&rsquo;on appelle une <em>polaire de vitesses<\/em>. Cette courbe nous permet de savoir quel est le meilleur angle par rapport au vent pour une direction donn\u00e9e.<\/p>\n<p>Pour la course, il faut g\u00e9rer cette information sachant que le vent n&rsquo;est pas constant, il varie en force et en direction.<\/p>\n<p>&nbsp;<\/p>\n<p>&nbsp;<\/p>\n","protected":false},"excerpt":{"rendered":"<p>Le projet consiste \u00e0 d\u00e9velopper un jeu de courses de bateaux.<\/p>\n","protected":false},"author":1,"featured_media":0,"parent":0,"menu_order":0,"comment_status":"closed","ping_status":"closed","template":"","meta":{"_et_pb_use_builder":"","_et_pb_old_content":"","_et_gb_content_width":"","footnotes":""},"class_list":["post-177","page","type-page","status-publish","hentry"],"_links":{"self":[{"href":"https:\/\/eboreal.com\/devblog\/wp-json\/wp\/v2\/pages\/177","targetHints":{"allow":["GET"]}}],"collection":[{"href":"https:\/\/eboreal.com\/devblog\/wp-json\/wp\/v2\/pages"}],"about":[{"href":"https:\/\/eboreal.com\/devblog\/wp-json\/wp\/v2\/types\/page"}],"author":[{"embeddable":true,"href":"https:\/\/eboreal.com\/devblog\/wp-json\/wp\/v2\/users\/1"}],"replies":[{"embeddable":true,"href":"https:\/\/eboreal.com\/devblog\/wp-json\/wp\/v2\/comments?post=177"}],"version-history":[{"count":10,"href":"https:\/\/eboreal.com\/devblog\/wp-json\/wp\/v2\/pages\/177\/revisions"}],"predecessor-version":[{"id":442,"href":"https:\/\/eboreal.com\/devblog\/wp-json\/wp\/v2\/pages\/177\/revisions\/442"}],"wp:attachment":[{"href":"https:\/\/eboreal.com\/devblog\/wp-json\/wp\/v2\/media?parent=177"}],"curies":[{"name":"wp","href":"https:\/\/api.w.org\/{rel}","templated":true}]}}