{"id":280,"date":"2013-04-12T14:35:11","date_gmt":"2013-04-12T13:35:11","guid":{"rendered":"http:\/\/eboreal.com\/devblog\/?page_id=280"},"modified":"2016-03-01T13:24:27","modified_gmt":"2016-03-01T12:24:27","slug":"download","status":"publish","type":"page","link":"https:\/\/eboreal.com\/devblog\/download\/","title":{"rendered":"T\u00e9l\u00e9charger"},"content":{"rendered":"<p><a href=\"https:\/\/eboreal.com\/devblog\/wp-content\/uploads\/2012\/10\/logo-eboreal.png\" rel=\"attachment wp-att-530\" data-rel=\"lightbox-gallery-IiUCaQSQ\" data-rl_title=\"\" data-rl_caption=\"\" title=\"\"><img loading=\"lazy\" decoding=\"async\" class=\"size-full wp-image-530 aligncenter\" src=\"https:\/\/eboreal.com\/devblog\/wp-content\/uploads\/2012\/10\/logo-eboreal.png\" alt=\"logo-eboreal\" width=\"342\" height=\"150\" srcset=\"https:\/\/eboreal.com\/devblog\/wp-content\/uploads\/2012\/10\/logo-eboreal.png 342w, https:\/\/eboreal.com\/devblog\/wp-content\/uploads\/2012\/10\/logo-eboreal-300x132.png 300w\" sizes=\"(max-width: 342px) 100vw, 342px\" \/><\/a><\/p>\n<h2>Sail Boat Sim<\/h2>\n<p>Les sources sont disponibles sur <a title=\"GitHub\" href=\"https:\/\/github.com\/eespie\/sailboatsim\" target=\"_blank\">GitHub<\/a> \u00e0 titre exp\u00e9rimental et pour votre curiosit\u00e9 seulement. de grosses restructurations sont pr\u00e9vues au cours du d\u00e9veloppement.<\/p>\n<h2>Air Fun<\/h2>\n<p>L&rsquo;application android est <a href=\"http:\/\/eboreal.com\/airfun\/Air_Fun.apk\">disponible ici<\/a>.<\/p>\n<h2>Super Lunaire<\/h2>\n<p><a href=\"https:\/\/itunes.apple.com\/app\/id1027133124\" target=\"_blank\"><img loading=\"lazy\" decoding=\"async\" class=\"alignnone size-full wp-image-533\" src=\"https:\/\/eboreal.com\/devblog\/wp-content\/uploads\/2013\/04\/Download_on_the_App_Store_Badge_FR.png\" alt=\"Download_on_the_App_Store_Badge_FR\" width=\"270\" height=\"80\" \/><\/a><\/p>\n","protected":false},"excerpt":{"rendered":"<p>Sail Boat Sim Les sources sont disponibles sur GitHub \u00e0 titre exp\u00e9rimental et pour votre curiosit\u00e9 seulement. de grosses restructurations sont pr\u00e9vues au cours du d\u00e9veloppement. Air Fun L&rsquo;application android est disponible ici. Super Lunaire<\/p>\n","protected":false},"author":1,"featured_media":25,"parent":0,"menu_order":0,"comment_status":"closed","ping_status":"closed","template":"","meta":{"_et_pb_use_builder":"","_et_pb_old_content":"","_et_gb_content_width":"","footnotes":""},"class_list":["post-280","page","type-page","status-publish","has-post-thumbnail","hentry"],"_links":{"self":[{"href":"https:\/\/eboreal.com\/devblog\/wp-json\/wp\/v2\/pages\/280","targetHints":{"allow":["GET"]}}],"collection":[{"href":"https:\/\/eboreal.com\/devblog\/wp-json\/wp\/v2\/pages"}],"about":[{"href":"https:\/\/eboreal.com\/devblog\/wp-json\/wp\/v2\/types\/page"}],"author":[{"embeddable":true,"href":"https:\/\/eboreal.com\/devblog\/wp-json\/wp\/v2\/users\/1"}],"replies":[{"embeddable":true,"href":"https:\/\/eboreal.com\/devblog\/wp-json\/wp\/v2\/comments?post=280"}],"version-history":[{"count":4,"href":"https:\/\/eboreal.com\/devblog\/wp-json\/wp\/v2\/pages\/280\/revisions"}],"predecessor-version":[{"id":534,"href":"https:\/\/eboreal.com\/devblog\/wp-json\/wp\/v2\/pages\/280\/revisions\/534"}],"wp:featuredmedia":[{"embeddable":true,"href":"https:\/\/eboreal.com\/devblog\/wp-json\/wp\/v2\/media\/25"}],"wp:attachment":[{"href":"https:\/\/eboreal.com\/devblog\/wp-json\/wp\/v2\/media?parent=280"}],"curies":[{"name":"wp","href":"https:\/\/api.w.org\/{rel}","templated":true}]}}