{"id":56,"date":"2012-08-29T21:27:27","date_gmt":"2012-08-29T20:27:27","guid":{"rendered":"http:\/\/eboreal.com\/devblog\/?page_id=56"},"modified":"2016-03-01T21:34:52","modified_gmt":"2016-03-01T20:34:52","slug":"but-du-site","status":"publish","type":"page","link":"https:\/\/eboreal.com\/devblog\/but-du-site\/","title":{"rendered":"But du site"},"content":{"rendered":"<p>[et_pb_section admin_label=\u00a0\u00bbsection\u00a0\u00bb][et_pb_row admin_label=\u00a0\u00bbLigne\u00a0\u00bb][et_pb_column type=\u00a0\u00bb4_4&Prime;][et_pb_post_title admin_label=\u00a0\u00bbTitre du poste\u00a0\u00bb title=\u00a0\u00bboff\u00a0\u00bb meta=\u00a0\u00bboff\u00a0\u00bb author=\u00a0\u00bboff\u00a0\u00bb date=\u00a0\u00bboff\u00a0\u00bb categories=\u00a0\u00bbon\u00a0\u00bb comments=\u00a0\u00bbon\u00a0\u00bb featured_image=\u00a0\u00bbon\u00a0\u00bb featured_placement=\u00a0\u00bbbelow\u00a0\u00bb parallax_effect=\u00a0\u00bbon\u00a0\u00bb parallax_method=\u00a0\u00bbon\u00a0\u00bb text_orientation=\u00a0\u00bbleft\u00a0\u00bb text_color=\u00a0\u00bbdark\u00a0\u00bb text_background=\u00a0\u00bboff\u00a0\u00bb text_bg_color=\u00a0\u00bbrgba(255,255,255,0.9)\u00a0\u00bb module_bg_color=\u00a0\u00bbrgba(255,255,255,0)\u00a0\u00bb title_all_caps=\u00a0\u00bboff\u00a0\u00bb use_border_color=\u00a0\u00bboff\u00a0\u00bb border_color=\u00a0\u00bb#ffffff\u00a0\u00bb border_style=\u00a0\u00bbsolid\u00a0\u00bb] [\/et_pb_post_title][et_pb_text admin_label=\u00a0\u00bbTexte\u00a0\u00bb background_layout=\u00a0\u00bblight\u00a0\u00bb text_orientation=\u00a0\u00bbleft\u00a0\u00bb use_border_color=\u00a0\u00bboff\u00a0\u00bb border_color=\u00a0\u00bb#ffffff\u00a0\u00bb border_style=\u00a0\u00bbsolid\u00a0\u00bb]<\/p>\n<p>J&rsquo;ai cr\u00e9\u00e9 ce site pour me permettre de suivre au jour le jour les avanc\u00e9es de mes projets de d\u00e9veloppement de jeux vid\u00e9os.<\/p>\n<p>[\/et_pb_text][et_pb_text admin_label=\u00a0\u00bbTexte\u00a0\u00bb background_layout=\u00a0\u00bblight\u00a0\u00bb text_orientation=\u00a0\u00bbleft\u00a0\u00bb use_border_color=\u00a0\u00bboff\u00a0\u00bb border_color=\u00a0\u00bb#ffffff\u00a0\u00bb border_style=\u00a0\u00bbsolid\u00a0\u00bb]<\/p>\n<p>Je compte bien utiliser ce site pour :<\/p>\n<ul>\n<li>me motiver \u00e0 avancer. (ne craint pas d&rsquo;avancer lentement, craint seulement de t&rsquo;arr\u00eater)<\/li>\n<li>me permettre d&rsquo;avoir un endroit centralis\u00e9 o\u00f9 je peut stocker toutes mes id\u00e9es<\/li>\n<li>permettre aux visiteurs \u00e9ventuels de suivre le d\u00e9veloppement (jusqu&rsquo;\u00e0 son terme j&rsquo;esp\u00e8re) des jeux<\/li>\n<\/ul>\n<p>[\/et_pb_text][et_pb_image admin_label=\u00a0\u00bbImage\u00a0\u00bb src=\u00a0\u00bbhttps:\/\/eboreal.com\/devblog\/wp-content\/uploads\/2012\/10\/logo-eboreal.png\u00a0\u00bb alt=\u00a0\u00bbeBoreal\u00a0\u00bb show_in_lightbox=\u00a0\u00bboff\u00a0\u00bb url_new_window=\u00a0\u00bboff\u00a0\u00bb use_overlay=\u00a0\u00bboff\u00a0\u00bb animation=\u00a0\u00bboff\u00a0\u00bb sticky=\u00a0\u00bboff\u00a0\u00bb align=\u00a0\u00bbcenter\u00a0\u00bb force_fullwidth=\u00a0\u00bboff\u00a0\u00bb always_center_on_mobile=\u00a0\u00bbon\u00a0\u00bb use_border_color=\u00a0\u00bboff\u00a0\u00bb border_color=\u00a0\u00bb#ffffff\u00a0\u00bb border_style=\u00a0\u00bbsolid\u00a0\u00bb] [\/et_pb_image][\/et_pb_column][\/et_pb_row][\/et_pb_section]<\/p>\n","protected":false},"excerpt":{"rendered":"<p>J&rsquo;ai cr\u00e9\u00e9 ce site pour me permettre de suivre au jour le jour les avanc\u00e9es de mes projets de d\u00e9veloppement de jeux vid\u00e9os. Je compte bien utiliser ce site pour : me motiver \u00e0 avancer. (ne craint pas d&rsquo;avancer lentement, craint seulement de t&rsquo;arr\u00eater) me permettre d&rsquo;avoir un endroit centralis\u00e9 o\u00f9 je peut stocker toutes [&hellip;]<\/p>\n","protected":false},"author":1,"featured_media":126,"parent":0,"menu_order":0,"comment_status":"closed","ping_status":"closed","template":"","meta":{"_et_pb_use_builder":"on","_et_pb_old_content":"<p><a href=\"http:\/\/eboreal.com\/devblog\/wp-content\/uploads\/2012\/08\/logo-eboreal.png\" rel=\"attachment wp-att-528\"><img class=\"size-full wp-image-528 aligncenter\" src=\"http:\/\/eboreal.com\/devblog\/wp-content\/uploads\/2012\/08\/logo-eboreal.png\" alt=\"logo-eboreal\" width=\"342\" height=\"150\" \/><\/a><\/p><p>J'ai cr\u00e9\u00e9 ce site pour me permettre de suivre au jour le jour les avanc\u00e9es de mon projet de d\u00e9veloppement de jeu vid\u00e9o.<!--more--><\/p><p>Je compte bien utiliser ce site pour :<\/p><p>[box]<\/p><p>[custom_list type=\"check\"]<\/p><ul><li>me motiver \u00e0 avancer. (ne craint pas d'avancer lentement, craint seulement de t'arr\u00eater)<\/li><li>me permettre d'avoir un endroit centralis\u00e9 o\u00f9 je peut stocker toutes mes id\u00e9es<\/li><li>permettre aux visiteurs \u00e9ventuels de suivre le d\u00e9veloppement (jusqu'\u00e0 son terme j'esp\u00e8re) du jeu<\/li><\/ul><p>[\/custom_list]<\/p><p>[\/box]<\/p>","_et_gb_content_width":"","footnotes":""},"class_list":["post-56","page","type-page","status-publish","has-post-thumbnail","hentry"],"_links":{"self":[{"href":"https:\/\/eboreal.com\/devblog\/wp-json\/wp\/v2\/pages\/56","targetHints":{"allow":["GET"]}}],"collection":[{"href":"https:\/\/eboreal.com\/devblog\/wp-json\/wp\/v2\/pages"}],"about":[{"href":"https:\/\/eboreal.com\/devblog\/wp-json\/wp\/v2\/types\/page"}],"author":[{"embeddable":true,"href":"https:\/\/eboreal.com\/devblog\/wp-json\/wp\/v2\/users\/1"}],"replies":[{"embeddable":true,"href":"https:\/\/eboreal.com\/devblog\/wp-json\/wp\/v2\/comments?post=56"}],"version-history":[{"count":26,"href":"https:\/\/eboreal.com\/devblog\/wp-json\/wp\/v2\/pages\/56\/revisions"}],"predecessor-version":[{"id":717,"href":"https:\/\/eboreal.com\/devblog\/wp-json\/wp\/v2\/pages\/56\/revisions\/717"}],"wp:featuredmedia":[{"embeddable":true,"href":"https:\/\/eboreal.com\/devblog\/wp-json\/wp\/v2\/media\/126"}],"wp:attachment":[{"href":"https:\/\/eboreal.com\/devblog\/wp-json\/wp\/v2\/media?parent=56"}],"curies":[{"name":"wp","href":"https:\/\/api.w.org\/{rel}","templated":true}]}}